{"id":11850,"date":"2016-06-24T12:08:02","date_gmt":"2016-06-24T12:08:02","guid":{"rendered":"http:\/\/template.cmsmasters.net\/?page_id=11850"},"modified":"2021-11-15T16:25:25","modified_gmt":"2021-11-15T15:25:25","slug":"contact","status":"publish","type":"page","link":"https:\/\/www.oplaisirduspa.fr\/de\/kontact\/","title":{"rendered":"Kontakt"},"content":{"rendered":"<h2 class=\"wp-block-heading\"><strong>O Plaisir du Spa<\/strong><\/h2>\n\n\n\n<p>21 rue Berthe Molly<br>68000 COLMAR<br>Tel: +33 3 89 20 90 02<\/p>\n\n\n\n<p><strong>Unsere \u00d6ffnungszeiten<\/strong><br>Montag bis Freitag: 9:00-18:00 Uhr, Samstag: 9:00-16:00 Uhr<br>Nach Vereinbarung: Montag bis Freitag von 8 bis 9 Uhr und von 18 bis 19 Uhr, freitags von 18 bis 21 Uhr<\/p>\n\n\n\n<p>Verwenden Sie das folgende Formular, um mit uns Kontakt aufzunehmen.<br><strong>Achtung: Per E-Mail werden keine Buchungs- oder Terminanfragen ber\u00fccksichtigt.<\/strong><\/p>\n\n\n\n<p><\/p>\n\n\n\n<div class=\"wp-block-contact-form-7-contact-form-selector\">\n<div class=\"wpcf7 no-js\" id=\"wpcf7-f8-o1\" lang=\"fr-FR\" dir=\"ltr\" data-wpcf7-id=\"8\">\n<div class=\"screen-reader-response\"><p role=\"status\" aria-live=\"polite\" aria-atomic=\"true\"><\/p> <ul><\/ul><\/div>\n<form action=\"\/de\/wp-json\/wp\/v2\/pages\/11850#wpcf7-f8-o1\" method=\"post\" class=\"wpcf7-form init\" aria-label=\"Formulaire de contact\" novalidate=\"novalidate\" data-status=\"init\" data-trp-original-action=\"\/de\/wp-json\/wp\/v2\/pages\/11850#wpcf7-f8-o1\">\n<fieldset class=\"hidden-fields-container\"><input type=\"hidden\" name=\"_wpcf7\" value=\"8\" \/><input type=\"hidden\" name=\"_wpcf7_version\" value=\"6.1.5\" \/><input type=\"hidden\" name=\"_wpcf7_locale\" value=\"fr_FR\" \/><input type=\"hidden\" name=\"_wpcf7_unit_tag\" value=\"wpcf7-f8-o1\" \/><input type=\"hidden\" name=\"_wpcf7_container_post\" value=\"0\" \/><input type=\"hidden\" name=\"_wpcf7_posted_data_hash\" value=\"\" \/><input type=\"hidden\" name=\"_wpcf7_recaptcha_response\" value=\"\" \/>\n<\/fieldset>\n<div class=\"form-group\">\n\t<p><label for=\"glc-name\">Name<\/label><span class=\"wpcf7-form-control-wrap\" data-name=\"glc-name\"><input size=\"40\" maxlength=\"400\" class=\"wpcf7-form-control wpcf7-text wpcf7-validates-as-required\" id=\"glc-name\" aria-required=\"true\" aria-invalid=\"false\" value=\"\" type=\"text\" name=\"glc-name\" \/><\/span>\n\t<\/p>\n<\/div>\n<div class=\"form-group\">\n\t<p><label for=\"glc-firstname\">Vorname<\/label><span class=\"wpcf7-form-control-wrap\" data-name=\"glc-firstname\"><input size=\"40\" maxlength=\"400\" class=\"wpcf7-form-control wpcf7-text wpcf7-validates-as-required\" id=\"glc-firstname\" aria-required=\"true\" aria-invalid=\"false\" value=\"\" type=\"text\" name=\"glc-firstname\" \/><\/span>\n\t<\/p>\n<\/div>\n<div class=\"form-group\">\n\t<p><label for=\"glc-email\">Email<\/label><span class=\"wpcf7-form-control-wrap\" data-name=\"glc-email\"><input size=\"40\" maxlength=\"400\" class=\"wpcf7-form-control wpcf7-email wpcf7-validates-as-required wpcf7-text wpcf7-validates-as-email\" id=\"glc-email\" aria-required=\"true\" aria-invalid=\"false\" value=\"\" type=\"email\" name=\"glc-email\" \/><\/span>\n\t<\/p>\n<\/div>\n<div class=\"form-group\">\n\t<p><label for=\"glc-tel\">Tel<\/label><span class=\"wpcf7-form-control-wrap\" data-name=\"glc-tel\"><input size=\"40\" maxlength=\"400\" class=\"wpcf7-form-control wpcf7-tel wpcf7-text wpcf7-validates-as-tel\" id=\"glc-tel\" aria-invalid=\"false\" value=\"\" type=\"tel\" name=\"glc-tel\" \/><\/span>\n\t<\/p>\n<\/div>\n<div class=\"form-group\">\n\t<p><label for=\"glc-message\">Nachricht<\/label><span class=\"wpcf7-form-control-wrap\" data-name=\"glc-message\"><textarea cols=\"40\" rows=\"10\" maxlength=\"2000\" class=\"wpcf7-form-control wpcf7-textarea\" id=\"glc-message\" aria-invalid=\"false\" name=\"glc-message\"><\/textarea><\/span>\n\t<\/p>\n<\/div>\n<div class=\"submit-container\">\n\t<p><input class=\"wpcf7-form-control wpcf7-submit has-spinner\" type=\"submit\" value=\"Envoyer\" \/>\n\t<\/p>\n<\/div><div class=\"wpcf7-response-output\" aria-hidden=\"true\"><\/div>\n<input type=\"hidden\" name=\"trp-form-language\" value=\"de\"\/><\/form>\n<\/div>\n<\/div>","protected":false},"excerpt":{"rendered":"<p>O Plaisir du Spa 21 rue Berthe Molly68000 COLMARTel: +33 3 89 20 90 02 Nos horaires d&rsquo;ouvertureDu lundi au vendredi: 9h-18h, le samedi: 9h-16hSur rendez-vous : du lundi au vendredi de 8h \u00e0 9h et de 18h \u00e0 19h, et le vendredi de 18h \u00e0 21h Utilisez le formulaire ci-dessous pour nous contacter.Attention : [&hellip;]<\/p>","protected":false},"author":292,"featured_media":0,"parent":0,"menu_order":0,"comment_status":"closed","ping_status":"closed","template":"template-contact.php","meta":{"footnotes":""},"class_list":["post-11850","page","type-page","status-publish","hentry"],"yoast_head":"<!-- This site is optimized with the Yoast SEO plugin v25.6 - https:\/\/yoast.com\/wordpress\/plugins\/seo\/ -->\n<title>Contact - O Plaisir du Spa - Institut de Beaut\u00e9 et Spa \u00e0 Colmar (Haut-Rhin)<\/title>\n<meta name=\"description\" content=\"Situ\u00e9 au c\u0153ur de Colmar, l&#039;institut de beaut\u00e9 O Plaisir du Spa vous propose des moments de soins dans un espace r\u00e9serv\u00e9 \u00e0 la d\u00e9tente. Sept esth\u00e9ticiennes dynamiques et professionnelles sont \u00e0 votre service du lundi au samedi.\" \/>\n<meta name=\"robots\" content=\"index, follow, max-snippet:-1, max-image-preview:large, max-video-preview:-1\" \/>\n<link rel=\"canonical\" href=\"https:\/\/www.oplaisirduspa.fr\/de\/contact\/\" \/>\n<meta property=\"og:locale\" content=\"de_DE\" \/>\n<meta property=\"og:type\" content=\"article\" \/>\n<meta property=\"og:title\" content=\"Contact - O Plaisir du Spa - Institut de Beaut\u00e9 et Spa \u00e0 Colmar (Haut-Rhin)\" \/>\n<meta property=\"og:description\" content=\"Situ\u00e9 au c\u0153ur de Colmar, l&#039;institut de beaut\u00e9 O Plaisir du Spa vous propose des moments de soins dans un espace r\u00e9serv\u00e9 \u00e0 la d\u00e9tente. Sept esth\u00e9ticiennes dynamiques et professionnelles sont \u00e0 votre service du lundi au samedi.\" \/>\n<meta property=\"og:url\" content=\"https:\/\/www.oplaisirduspa.fr\/de\/contact\/\" \/>\n<meta property=\"og:site_name\" content=\"O plaisir du spa\" \/>\n<meta property=\"article:modified_time\" content=\"2021-11-15T15:25:25+00:00\" \/>\n<meta name=\"twitter:card\" content=\"summary_large_image\" \/>\n<meta name=\"twitter:label1\" content=\"Gesch\u00e4tzte Lesezeit\" \/>\n\t<meta name=\"twitter:data1\" content=\"1\u00a0Minute\" \/>\n<script type=\"application\/ld+json\" class=\"yoast-schema-graph\">{\"@context\":\"https:\/\/schema.org\",\"@graph\":[{\"@type\":\"WebPage\",\"@id\":\"https:\/\/www.oplaisirduspa.fr\/contact\/\",\"url\":\"https:\/\/www.oplaisirduspa.fr\/contact\/\",\"name\":\"Contact - O Plaisir du Spa - Institut de Beaut\u00e9 et Spa \u00e0 Colmar (Haut-Rhin)\",\"isPartOf\":{\"@id\":\"https:\/\/www.oplaisirduspa.fr\/#website\"},\"datePublished\":\"2016-06-24T12:08:02+00:00\",\"dateModified\":\"2021-11-15T15:25:25+00:00\",\"description\":\"Situ\u00e9 au c\u0153ur de Colmar, l'institut de beaut\u00e9 O Plaisir du Spa vous propose des moments de soins dans un espace r\u00e9serv\u00e9 \u00e0 la d\u00e9tente. Sept esth\u00e9ticiennes dynamiques et professionnelles sont \u00e0 votre service du lundi au samedi.\",\"breadcrumb\":{\"@id\":\"https:\/\/www.oplaisirduspa.fr\/contact\/#breadcrumb\"},\"inLanguage\":\"de\",\"potentialAction\":[{\"@type\":\"ReadAction\",\"target\":[\"https:\/\/www.oplaisirduspa.fr\/contact\/\"]}]},{\"@type\":\"BreadcrumbList\",\"@id\":\"https:\/\/www.oplaisirduspa.fr\/contact\/#breadcrumb\",\"itemListElement\":[{\"@type\":\"ListItem\",\"position\":1,\"name\":\"Accueil\",\"item\":\"https:\/\/www.oplaisirduspa.fr\/\"},{\"@type\":\"ListItem\",\"position\":2,\"name\":\"Contact\"}]},{\"@type\":\"WebSite\",\"@id\":\"https:\/\/www.oplaisirduspa.fr\/#website\",\"url\":\"https:\/\/www.oplaisirduspa.fr\/\",\"name\":\"O plaisir du spa\",\"description\":\"Un site utilisant WordPress\",\"publisher\":{\"@id\":\"https:\/\/www.oplaisirduspa.fr\/#organization\"},\"potentialAction\":[{\"@type\":\"SearchAction\",\"target\":{\"@type\":\"EntryPoint\",\"urlTemplate\":\"https:\/\/www.oplaisirduspa.fr\/?s={search_term_string}\"},\"query-input\":{\"@type\":\"PropertyValueSpecification\",\"valueRequired\":true,\"valueName\":\"search_term_string\"}}],\"inLanguage\":\"de\"},{\"@type\":\"Organization\",\"@id\":\"https:\/\/www.oplaisirduspa.fr\/#organization\",\"name\":\"O plaisir du spa\",\"url\":\"https:\/\/www.oplaisirduspa.fr\/\",\"logo\":{\"@type\":\"ImageObject\",\"inLanguage\":\"de\",\"@id\":\"https:\/\/www.oplaisirduspa.fr\/#\/schema\/logo\/image\/\",\"url\":\"https:\/\/www.oplaisirduspa.fr\/wp-content\/uploads\/2021\/10\/logo.png\",\"contentUrl\":\"https:\/\/www.oplaisirduspa.fr\/wp-content\/uploads\/2021\/10\/logo.png\",\"width\":484,\"height\":245,\"caption\":\"O plaisir du spa\"},\"image\":{\"@id\":\"https:\/\/www.oplaisirduspa.fr\/#\/schema\/logo\/image\/\"}}]}<\/script>\n<!-- \/ Yoast SEO plugin. -->","yoast_head_json":{"title":"Contact - O Plaisir du Spa - Institut de Beaut\u00e9 et Spa \u00e0 Colmar (Haut-Rhin)","description":"Situ\u00e9 au c\u0153ur de Colmar, l'institut de beaut\u00e9 O Plaisir du Spa vous propose des moments de soins dans un espace r\u00e9serv\u00e9 \u00e0 la d\u00e9tente. Sept esth\u00e9ticiennes dynamiques et professionnelles sont \u00e0 votre service du lundi au samedi.","robots":{"index":"index","follow":"follow","max-snippet":"max-snippet:-1","max-image-preview":"max-image-preview:large","max-video-preview":"max-video-preview:-1"},"canonical":"https:\/\/www.oplaisirduspa.fr\/de\/contact\/","og_locale":"de_DE","og_type":"article","og_title":"Contact - O Plaisir du Spa - Institut de Beaut\u00e9 et Spa \u00e0 Colmar (Haut-Rhin)","og_description":"Situ\u00e9 au c\u0153ur de Colmar, l'institut de beaut\u00e9 O Plaisir du Spa vous propose des moments de soins dans un espace r\u00e9serv\u00e9 \u00e0 la d\u00e9tente. Sept esth\u00e9ticiennes dynamiques et professionnelles sont \u00e0 votre service du lundi au samedi.","og_url":"https:\/\/www.oplaisirduspa.fr\/de\/contact\/","og_site_name":"O plaisir du spa","article_modified_time":"2021-11-15T15:25:25+00:00","twitter_card":"summary_large_image","twitter_misc":{"Gesch\u00e4tzte Lesezeit":"1\u00a0Minute"},"schema":{"@context":"https:\/\/schema.org","@graph":[{"@type":"WebPage","@id":"https:\/\/www.oplaisirduspa.fr\/contact\/","url":"https:\/\/www.oplaisirduspa.fr\/contact\/","name":"Contact - O Plaisir du Spa - Institut de Beaut\u00e9 et Spa \u00e0 Colmar (Haut-Rhin)","isPartOf":{"@id":"https:\/\/www.oplaisirduspa.fr\/#website"},"datePublished":"2016-06-24T12:08:02+00:00","dateModified":"2021-11-15T15:25:25+00:00","description":"Situ\u00e9 au c\u0153ur de Colmar, l'institut de beaut\u00e9 O Plaisir du Spa vous propose des moments de soins dans un espace r\u00e9serv\u00e9 \u00e0 la d\u00e9tente. Sept esth\u00e9ticiennes dynamiques et professionnelles sont \u00e0 votre service du lundi au samedi.","breadcrumb":{"@id":"https:\/\/www.oplaisirduspa.fr\/contact\/#breadcrumb"},"inLanguage":"de","potentialAction":[{"@type":"ReadAction","target":["https:\/\/www.oplaisirduspa.fr\/contact\/"]}]},{"@type":"BreadcrumbList","@id":"https:\/\/www.oplaisirduspa.fr\/contact\/#breadcrumb","itemListElement":[{"@type":"ListItem","position":1,"name":"Accueil","item":"https:\/\/www.oplaisirduspa.fr\/"},{"@type":"ListItem","position":2,"name":"Contact"}]},{"@type":"WebSite","@id":"https:\/\/www.oplaisirduspa.fr\/#website","url":"https:\/\/www.oplaisirduspa.fr\/","name":"O plaisir du spa","description":"Un site utilisant WordPress","publisher":{"@id":"https:\/\/www.oplaisirduspa.fr\/#organization"},"potentialAction":[{"@type":"SearchAction","target":{"@type":"EntryPoint","urlTemplate":"https:\/\/www.oplaisirduspa.fr\/?s={search_term_string}"},"query-input":{"@type":"PropertyValueSpecification","valueRequired":true,"valueName":"search_term_string"}}],"inLanguage":"de"},{"@type":"Organization","@id":"https:\/\/www.oplaisirduspa.fr\/#organization","name":"O plaisir du spa","url":"https:\/\/www.oplaisirduspa.fr\/","logo":{"@type":"ImageObject","inLanguage":"de","@id":"https:\/\/www.oplaisirduspa.fr\/#\/schema\/logo\/image\/","url":"https:\/\/www.oplaisirduspa.fr\/wp-content\/uploads\/2021\/10\/logo.png","contentUrl":"https:\/\/www.oplaisirduspa.fr\/wp-content\/uploads\/2021\/10\/logo.png","width":484,"height":245,"caption":"O plaisir du spa"},"image":{"@id":"https:\/\/www.oplaisirduspa.fr\/#\/schema\/logo\/image\/"}}]}},"_links":{"self":[{"href":"https:\/\/www.oplaisirduspa.fr\/de\/wp-json\/wp\/v2\/pages\/11850","targetHints":{"allow":["GET"]}}],"collection":[{"href":"https:\/\/www.oplaisirduspa.fr\/de\/wp-json\/wp\/v2\/pages"}],"about":[{"href":"https:\/\/www.oplaisirduspa.fr\/de\/wp-json\/wp\/v2\/types\/page"}],"author":[{"embeddable":true,"href":"https:\/\/www.oplaisirduspa.fr\/de\/wp-json\/wp\/v2\/users\/292"}],"replies":[{"embeddable":true,"href":"https:\/\/www.oplaisirduspa.fr\/de\/wp-json\/wp\/v2\/comments?post=11850"}],"version-history":[{"count":0,"href":"https:\/\/www.oplaisirduspa.fr\/de\/wp-json\/wp\/v2\/pages\/11850\/revisions"}],"wp:attachment":[{"href":"https:\/\/www.oplaisirduspa.fr\/de\/wp-json\/wp\/v2\/media?parent=11850"}],"curies":[{"name":"wp","href":"https:\/\/api.w.org\/{rel}","templated":true}]}}