{"id":14281,"date":"2021-11-29T11:38:30","date_gmt":"2021-11-29T10:38:30","guid":{"rendered":"https:\/\/www.oplaisirduspa.fr\/?post_type=product&#038;p=14281"},"modified":"2026-02-03T10:17:47","modified_gmt":"2026-02-03T09:17:47","slug":"seance-decouverte-reflexologie-45min","status":"publish","type":"product","link":"https:\/\/www.oplaisirduspa.fr\/de\/boutique\/seance-decouverte-reflexologie-45min\/","title":{"rendered":"S\u00e9ance d\u00e9couverte r\u00e9flexologie (45min)"},"content":{"rendered":"<p>Disponibles uniquement le lundi mardi et jeudi de la semaine.<\/p>","protected":false},"excerpt":{"rendered":"<p>Disponibles uniquement le lundi mardi et jeudi de la semaine.<\/p>","protected":false},"featured_media":0,"template":"","meta":[],"product_brand":[],"product_cat":[85],"product_tag":[],"class_list":{"0":"post-14281","1":"product","2":"type-product","3":"status-publish","5":"product_cat-les-petits-plus","7":"first","8":"instock","9":"virtual","10":"taxable","11":"purchasable","12":"product-type-simple"},"yoast_head":"<!-- This site is optimized with the Yoast SEO plugin v25.6 - https:\/\/yoast.com\/wordpress\/plugins\/seo\/ -->\n<title>S\u00e9ance d\u00e9couverte r\u00e9flexologie (45min) - O plaisir du spa<\/title>\n<meta name=\"robots\" content=\"index, follow, max-snippet:-1, max-image-preview:large, max-video-preview:-1\" \/>\n<link rel=\"canonical\" href=\"https:\/\/www.oplaisirduspa.fr\/de\/boutique\/seance-decouverte-reflexologie-45min\/\" \/>\n<meta property=\"og:locale\" content=\"de_DE\" \/>\n<meta property=\"og:type\" content=\"article\" \/>\n<meta property=\"og:title\" content=\"S\u00e9ance d\u00e9couverte r\u00e9flexologie (45min) - O plaisir du spa\" \/>\n<meta property=\"og:description\" content=\"Disponibles uniquement le lundi mardi et jeudi de la semaine.\" \/>\n<meta property=\"og:url\" content=\"https:\/\/www.oplaisirduspa.fr\/de\/boutique\/seance-decouverte-reflexologie-45min\/\" \/>\n<meta property=\"og:site_name\" content=\"O plaisir du spa\" \/>\n<meta property=\"article:modified_time\" content=\"2026-02-03T09:17:47+00:00\" \/>\n<meta name=\"twitter:card\" content=\"summary_large_image\" \/>\n<meta name=\"twitter:label1\" content=\"Gesch\u00e4tzte Lesezeit\" \/>\n\t<meta name=\"twitter:data1\" content=\"1\u00a0Minute\" \/>\n<script type=\"application\/ld+json\" class=\"yoast-schema-graph\">{\"@context\":\"https:\/\/schema.org\",\"@graph\":[{\"@type\":\"WebPage\",\"@id\":\"https:\/\/www.oplaisirduspa.fr\/boutique\/seance-decouverte-reflexologie-45min\/\",\"url\":\"https:\/\/www.oplaisirduspa.fr\/boutique\/seance-decouverte-reflexologie-45min\/\",\"name\":\"S\u00e9ance d\u00e9couverte r\u00e9flexologie (45min) - O plaisir du spa\",\"isPartOf\":{\"@id\":\"https:\/\/www.oplaisirduspa.fr\/#website\"},\"datePublished\":\"2021-11-29T10:38:30+00:00\",\"dateModified\":\"2026-02-03T09:17:47+00:00\",\"breadcrumb\":{\"@id\":\"https:\/\/www.oplaisirduspa.fr\/boutique\/seance-decouverte-reflexologie-45min\/#breadcrumb\"},\"inLanguage\":\"de\",\"potentialAction\":[{\"@type\":\"ReadAction\",\"target\":[\"https:\/\/www.oplaisirduspa.fr\/boutique\/seance-decouverte-reflexologie-45min\/\"]}]},{\"@type\":\"BreadcrumbList\",\"@id\":\"https:\/\/www.oplaisirduspa.fr\/boutique\/seance-decouverte-reflexologie-45min\/#breadcrumb\",\"itemListElement\":[{\"@type\":\"ListItem\",\"position\":1,\"name\":\"Accueil\",\"item\":\"https:\/\/www.oplaisirduspa.fr\/\"},{\"@type\":\"ListItem\",\"position\":2,\"name\":\"Boutique\",\"item\":\"https:\/\/www.oplaisirduspa.fr\/boutique\/\"},{\"@type\":\"ListItem\",\"position\":3,\"name\":\"S\u00e9ance d\u00e9couverte r\u00e9flexologie (45min)\"}]},{\"@type\":\"WebSite\",\"@id\":\"https:\/\/www.oplaisirduspa.fr\/#website\",\"url\":\"https:\/\/www.oplaisirduspa.fr\/\",\"name\":\"O plaisir du spa\",\"description\":\"Un site utilisant WordPress\",\"publisher\":{\"@id\":\"https:\/\/www.oplaisirduspa.fr\/#organization\"},\"potentialAction\":[{\"@type\":\"SearchAction\",\"target\":{\"@type\":\"EntryPoint\",\"urlTemplate\":\"https:\/\/www.oplaisirduspa.fr\/?s={search_term_string}\"},\"query-input\":{\"@type\":\"PropertyValueSpecification\",\"valueRequired\":true,\"valueName\":\"search_term_string\"}}],\"inLanguage\":\"de\"},{\"@type\":\"Organization\",\"@id\":\"https:\/\/www.oplaisirduspa.fr\/#organization\",\"name\":\"O plaisir du spa\",\"url\":\"https:\/\/www.oplaisirduspa.fr\/\",\"logo\":{\"@type\":\"ImageObject\",\"inLanguage\":\"de\",\"@id\":\"https:\/\/www.oplaisirduspa.fr\/#\/schema\/logo\/image\/\",\"url\":\"https:\/\/www.oplaisirduspa.fr\/wp-content\/uploads\/2021\/10\/logo.png\",\"contentUrl\":\"https:\/\/www.oplaisirduspa.fr\/wp-content\/uploads\/2021\/10\/logo.png\",\"width\":484,\"height\":245,\"caption\":\"O plaisir du spa\"},\"image\":{\"@id\":\"https:\/\/www.oplaisirduspa.fr\/#\/schema\/logo\/image\/\"}}]}<\/script>\n<!-- \/ Yoast SEO plugin. -->","yoast_head_json":{"title":"S\u00e9ance d\u00e9couverte r\u00e9flexologie (45min) - O plaisir du spa","robots":{"index":"index","follow":"follow","max-snippet":"max-snippet:-1","max-image-preview":"max-image-preview:large","max-video-preview":"max-video-preview:-1"},"canonical":"https:\/\/www.oplaisirduspa.fr\/de\/boutique\/seance-decouverte-reflexologie-45min\/","og_locale":"de_DE","og_type":"article","og_title":"S\u00e9ance d\u00e9couverte r\u00e9flexologie (45min) - O plaisir du spa","og_description":"Disponibles uniquement le lundi mardi et jeudi de la semaine.","og_url":"https:\/\/www.oplaisirduspa.fr\/de\/boutique\/seance-decouverte-reflexologie-45min\/","og_site_name":"O plaisir du spa","article_modified_time":"2026-02-03T09:17:47+00:00","twitter_card":"summary_large_image","twitter_misc":{"Gesch\u00e4tzte Lesezeit":"1\u00a0Minute"},"schema":{"@context":"https:\/\/schema.org","@graph":[{"@type":"WebPage","@id":"https:\/\/www.oplaisirduspa.fr\/boutique\/seance-decouverte-reflexologie-45min\/","url":"https:\/\/www.oplaisirduspa.fr\/boutique\/seance-decouverte-reflexologie-45min\/","name":"S\u00e9ance d\u00e9couverte r\u00e9flexologie (45min) - O plaisir du spa","isPartOf":{"@id":"https:\/\/www.oplaisirduspa.fr\/#website"},"datePublished":"2021-11-29T10:38:30+00:00","dateModified":"2026-02-03T09:17:47+00:00","breadcrumb":{"@id":"https:\/\/www.oplaisirduspa.fr\/boutique\/seance-decouverte-reflexologie-45min\/#breadcrumb"},"inLanguage":"de","potentialAction":[{"@type":"ReadAction","target":["https:\/\/www.oplaisirduspa.fr\/boutique\/seance-decouverte-reflexologie-45min\/"]}]},{"@type":"BreadcrumbList","@id":"https:\/\/www.oplaisirduspa.fr\/boutique\/seance-decouverte-reflexologie-45min\/#breadcrumb","itemListElement":[{"@type":"ListItem","position":1,"name":"Accueil","item":"https:\/\/www.oplaisirduspa.fr\/"},{"@type":"ListItem","position":2,"name":"Boutique","item":"https:\/\/www.oplaisirduspa.fr\/boutique\/"},{"@type":"ListItem","position":3,"name":"S\u00e9ance d\u00e9couverte r\u00e9flexologie (45min)"}]},{"@type":"WebSite","@id":"https:\/\/www.oplaisirduspa.fr\/#website","url":"https:\/\/www.oplaisirduspa.fr\/","name":"O plaisir du spa","description":"Un site utilisant WordPress","publisher":{"@id":"https:\/\/www.oplaisirduspa.fr\/#organization"},"potentialAction":[{"@type":"SearchAction","target":{"@type":"EntryPoint","urlTemplate":"https:\/\/www.oplaisirduspa.fr\/?s={search_term_string}"},"query-input":{"@type":"PropertyValueSpecification","valueRequired":true,"valueName":"search_term_string"}}],"inLanguage":"de"},{"@type":"Organization","@id":"https:\/\/www.oplaisirduspa.fr\/#organization","name":"O plaisir du spa","url":"https:\/\/www.oplaisirduspa.fr\/","logo":{"@type":"ImageObject","inLanguage":"de","@id":"https:\/\/www.oplaisirduspa.fr\/#\/schema\/logo\/image\/","url":"https:\/\/www.oplaisirduspa.fr\/wp-content\/uploads\/2021\/10\/logo.png","contentUrl":"https:\/\/www.oplaisirduspa.fr\/wp-content\/uploads\/2021\/10\/logo.png","width":484,"height":245,"caption":"O plaisir du spa"},"image":{"@id":"https:\/\/www.oplaisirduspa.fr\/#\/schema\/logo\/image\/"}}]}},"_links":{"self":[{"href":"https:\/\/www.oplaisirduspa.fr\/de\/wp-json\/wp\/v2\/product\/14281","targetHints":{"allow":["GET"]}}],"collection":[{"href":"https:\/\/www.oplaisirduspa.fr\/de\/wp-json\/wp\/v2\/product"}],"about":[{"href":"https:\/\/www.oplaisirduspa.fr\/de\/wp-json\/wp\/v2\/types\/product"}],"wp:attachment":[{"href":"https:\/\/www.oplaisirduspa.fr\/de\/wp-json\/wp\/v2\/media?parent=14281"}],"wp:term":[{"taxonomy":"product_brand","embeddable":true,"href":"https:\/\/www.oplaisirduspa.fr\/de\/wp-json\/wp\/v2\/product_brand?post=14281"},{"taxonomy":"product_cat","embeddable":true,"href":"https:\/\/www.oplaisirduspa.fr\/de\/wp-json\/wp\/v2\/product_cat?post=14281"},{"taxonomy":"product_tag","embeddable":true,"href":"https:\/\/www.oplaisirduspa.fr\/de\/wp-json\/wp\/v2\/product_tag?post=14281"}],"curies":[{"name":"wp","href":"https:\/\/api.w.org\/{rel}","templated":true}]}}