{"id":529,"date":"2015-04-20T11:50:56","date_gmt":"2015-04-20T09:50:56","guid":{"rendered":"http:\/\/welfare.cmsmasters.net\/?page_id=529"},"modified":"2022-12-02T14:07:28","modified_gmt":"2022-12-02T13:07:28","slug":"spa","status":"publish","type":"page","link":"https:\/\/www.oplaisirduspa.fr\/en\/spa\/","title":{"rendered":"Spa"},"content":{"rendered":"<p class=\"has-text-align-center\"><em>We offer you moments of care in a space reserved for relaxation where we will take care to offer you a unique moment. O plaisir du Spa gives you back a precious commodity, time. The time to find yourself, to offer a parenthesis in your day. A physical and mental interlude, because in the hands of experts, body and mind can relax....<\/em><\/p>\n\n\n\n<p class=\"has-text-align-center\"><em>Our duo cabin allows you to share a moment of body or face care together, except for the Tibetan bowls ritual or the fine water modelling which cannot be done at the same time.<\/em><\/p>","protected":false},"excerpt":{"rendered":"<p>Nous vous proposons des moments de soins dans un espace r\u00e9serv\u00e9 \u00e0 la d\u00e9tente o\u00f9 nous veillerons \u00e0 vous offrir un moment unique. O plaisir du Spa vous rend un bien pr\u00e9cieux, le temps. Le temps de vous retrouver, d&rsquo;offrir une parenth\u00e8se dans votre journ\u00e9e. Parenth\u00e8se physique et mentale puisque entre des mains expertes, le [&hellip;]<\/p>","protected":false},"author":292,"featured_media":14047,"parent":0,"menu_order":0,"comment_status":"closed","ping_status":"closed","template":"template-services.php","meta":{"footnotes":""},"class_list":["post-529","page","type-page","status-publish","has-post-thumbnail","hentry"],"yoast_head":"<!-- This site is optimized with the Yoast SEO plugin v25.6 - https:\/\/yoast.com\/wordpress\/plugins\/seo\/ -->\n<title>Spa - O Plaisir du Spa - Institut de Beaut\u00e9 et Spa \u00e0 Colmar (Haut-Rhin)<\/title>\n<meta name=\"description\" content=\"Situ\u00e9 au c\u0153ur de Colmar, l&#039;institut de beaut\u00e9 O Plaisir du Spa vous propose des moments de soins dans un espace r\u00e9serv\u00e9 \u00e0 la d\u00e9tente. Sept esth\u00e9ticiennes dynamiques et professionnelles sont \u00e0 votre service du lundi au samedi.\" \/>\n<meta name=\"robots\" content=\"index, follow, max-snippet:-1, max-image-preview:large, max-video-preview:-1\" \/>\n<link rel=\"canonical\" href=\"https:\/\/www.oplaisirduspa.fr\/en\/spa\/\" \/>\n<meta property=\"og:locale\" content=\"en_GB\" \/>\n<meta property=\"og:type\" content=\"article\" \/>\n<meta property=\"og:title\" content=\"Spa - O Plaisir du Spa - Institut de Beaut\u00e9 et Spa \u00e0 Colmar (Haut-Rhin)\" \/>\n<meta property=\"og:description\" content=\"Situ\u00e9 au c\u0153ur de Colmar, l&#039;institut de beaut\u00e9 O Plaisir du Spa vous propose des moments de soins dans un espace r\u00e9serv\u00e9 \u00e0 la d\u00e9tente. Sept esth\u00e9ticiennes dynamiques et professionnelles sont \u00e0 votre service du lundi au samedi.\" \/>\n<meta property=\"og:url\" content=\"https:\/\/www.oplaisirduspa.fr\/en\/spa\/\" \/>\n<meta property=\"og:site_name\" content=\"O plaisir du spa\" \/>\n<meta property=\"article:modified_time\" content=\"2022-12-02T13:07:28+00:00\" \/>\n<meta property=\"og:image\" content=\"https:\/\/www.oplaisirduspa.fr\/wp-content\/uploads\/2021\/11\/oplaisirduspa-fond-2.jpg\" \/>\n\t<meta property=\"og:image:width\" content=\"1920\" \/>\n\t<meta property=\"og:image:height\" content=\"1280\" \/>\n\t<meta property=\"og:image:type\" content=\"image\/jpeg\" \/>\n<meta name=\"twitter:card\" content=\"summary_large_image\" \/>\n<meta name=\"twitter:label1\" content=\"Estimated reading time\" \/>\n\t<meta name=\"twitter:data1\" content=\"1 minute\" \/>\n<script type=\"application\/ld+json\" class=\"yoast-schema-graph\">{\"@context\":\"https:\/\/schema.org\",\"@graph\":[{\"@type\":\"WebPage\",\"@id\":\"https:\/\/www.oplaisirduspa.fr\/spa\/\",\"url\":\"https:\/\/www.oplaisirduspa.fr\/spa\/\",\"name\":\"Spa - O Plaisir du Spa - Institut de Beaut\u00e9 et Spa \u00e0 Colmar (Haut-Rhin)\",\"isPartOf\":{\"@id\":\"https:\/\/www.oplaisirduspa.fr\/#website\"},\"primaryImageOfPage\":{\"@id\":\"https:\/\/www.oplaisirduspa.fr\/spa\/#primaryimage\"},\"image\":{\"@id\":\"https:\/\/www.oplaisirduspa.fr\/spa\/#primaryimage\"},\"thumbnailUrl\":\"https:\/\/www.oplaisirduspa.fr\/wp-content\/uploads\/2021\/11\/oplaisirduspa-fond-2.jpg\",\"datePublished\":\"2015-04-20T09:50:56+00:00\",\"dateModified\":\"2022-12-02T13:07:28+00:00\",\"description\":\"Situ\u00e9 au c\u0153ur de Colmar, l'institut de beaut\u00e9 O Plaisir du Spa vous propose des moments de soins dans un espace r\u00e9serv\u00e9 \u00e0 la d\u00e9tente. Sept esth\u00e9ticiennes dynamiques et professionnelles sont \u00e0 votre service du lundi au samedi.\",\"breadcrumb\":{\"@id\":\"https:\/\/www.oplaisirduspa.fr\/spa\/#breadcrumb\"},\"inLanguage\":\"en-GB\",\"potentialAction\":[{\"@type\":\"ReadAction\",\"target\":[\"https:\/\/www.oplaisirduspa.fr\/spa\/\"]}]},{\"@type\":\"ImageObject\",\"inLanguage\":\"en-GB\",\"@id\":\"https:\/\/www.oplaisirduspa.fr\/spa\/#primaryimage\",\"url\":\"https:\/\/www.oplaisirduspa.fr\/wp-content\/uploads\/2021\/11\/oplaisirduspa-fond-2.jpg\",\"contentUrl\":\"https:\/\/www.oplaisirduspa.fr\/wp-content\/uploads\/2021\/11\/oplaisirduspa-fond-2.jpg\",\"width\":1920,\"height\":1280},{\"@type\":\"BreadcrumbList\",\"@id\":\"https:\/\/www.oplaisirduspa.fr\/spa\/#breadcrumb\",\"itemListElement\":[{\"@type\":\"ListItem\",\"position\":1,\"name\":\"Accueil\",\"item\":\"https:\/\/www.oplaisirduspa.fr\/\"},{\"@type\":\"ListItem\",\"position\":2,\"name\":\"Spa\"}]},{\"@type\":\"WebSite\",\"@id\":\"https:\/\/www.oplaisirduspa.fr\/#website\",\"url\":\"https:\/\/www.oplaisirduspa.fr\/\",\"name\":\"O plaisir du spa\",\"description\":\"Un site utilisant WordPress\",\"publisher\":{\"@id\":\"https:\/\/www.oplaisirduspa.fr\/#organization\"},\"potentialAction\":[{\"@type\":\"SearchAction\",\"target\":{\"@type\":\"EntryPoint\",\"urlTemplate\":\"https:\/\/www.oplaisirduspa.fr\/?s={search_term_string}\"},\"query-input\":{\"@type\":\"PropertyValueSpecification\",\"valueRequired\":true,\"valueName\":\"search_term_string\"}}],\"inLanguage\":\"en-GB\"},{\"@type\":\"Organization\",\"@id\":\"https:\/\/www.oplaisirduspa.fr\/#organization\",\"name\":\"O plaisir du spa\",\"url\":\"https:\/\/www.oplaisirduspa.fr\/\",\"logo\":{\"@type\":\"ImageObject\",\"inLanguage\":\"en-GB\",\"@id\":\"https:\/\/www.oplaisirduspa.fr\/#\/schema\/logo\/image\/\",\"url\":\"https:\/\/www.oplaisirduspa.fr\/wp-content\/uploads\/2021\/10\/logo.png\",\"contentUrl\":\"https:\/\/www.oplaisirduspa.fr\/wp-content\/uploads\/2021\/10\/logo.png\",\"width\":484,\"height\":245,\"caption\":\"O plaisir du spa\"},\"image\":{\"@id\":\"https:\/\/www.oplaisirduspa.fr\/#\/schema\/logo\/image\/\"}}]}<\/script>\n<!-- \/ Yoast SEO plugin. -->","yoast_head_json":{"title":"Spa - O Plaisir du Spa - Beauty and Spa Institute in Colmar (Haut-Rhin)","description":"Situ\u00e9 au c\u0153ur de Colmar, l'institut de beaut\u00e9 O Plaisir du Spa vous propose des moments de soins dans un espace r\u00e9serv\u00e9 \u00e0 la d\u00e9tente. Sept esth\u00e9ticiennes dynamiques et professionnelles sont \u00e0 votre service du lundi au samedi.","robots":{"index":"index","follow":"follow","max-snippet":"max-snippet:-1","max-image-preview":"max-image-preview:large","max-video-preview":"max-video-preview:-1"},"canonical":"https:\/\/www.oplaisirduspa.fr\/en\/spa\/","og_locale":"en_GB","og_type":"article","og_title":"Spa - O Plaisir du Spa - Institut de Beaut\u00e9 et Spa \u00e0 Colmar (Haut-Rhin)","og_description":"Situ\u00e9 au c\u0153ur de Colmar, l'institut de beaut\u00e9 O Plaisir du Spa vous propose des moments de soins dans un espace r\u00e9serv\u00e9 \u00e0 la d\u00e9tente. Sept esth\u00e9ticiennes dynamiques et professionnelles sont \u00e0 votre service du lundi au samedi.","og_url":"https:\/\/www.oplaisirduspa.fr\/en\/spa\/","og_site_name":"O plaisir du spa","article_modified_time":"2022-12-02T13:07:28+00:00","og_image":[{"width":1920,"height":1280,"url":"https:\/\/www.oplaisirduspa.fr\/wp-content\/uploads\/2021\/11\/oplaisirduspa-fond-2.jpg","type":"image\/jpeg"}],"twitter_card":"summary_large_image","twitter_misc":{"Estimated reading time":"1 minute"},"schema":{"@context":"https:\/\/schema.org","@graph":[{"@type":"WebPage","@id":"https:\/\/www.oplaisirduspa.fr\/spa\/","url":"https:\/\/www.oplaisirduspa.fr\/spa\/","name":"Spa - O Plaisir du Spa - Beauty and Spa Institute in Colmar (Haut-Rhin)","isPartOf":{"@id":"https:\/\/www.oplaisirduspa.fr\/#website"},"primaryImageOfPage":{"@id":"https:\/\/www.oplaisirduspa.fr\/spa\/#primaryimage"},"image":{"@id":"https:\/\/www.oplaisirduspa.fr\/spa\/#primaryimage"},"thumbnailUrl":"https:\/\/www.oplaisirduspa.fr\/wp-content\/uploads\/2021\/11\/oplaisirduspa-fond-2.jpg","datePublished":"2015-04-20T09:50:56+00:00","dateModified":"2022-12-02T13:07:28+00:00","description":"Situ\u00e9 au c\u0153ur de Colmar, l'institut de beaut\u00e9 O Plaisir du Spa vous propose des moments de soins dans un espace r\u00e9serv\u00e9 \u00e0 la d\u00e9tente. Sept esth\u00e9ticiennes dynamiques et professionnelles sont \u00e0 votre service du lundi au samedi.","breadcrumb":{"@id":"https:\/\/www.oplaisirduspa.fr\/spa\/#breadcrumb"},"inLanguage":"en-GB","potentialAction":[{"@type":"ReadAction","target":["https:\/\/www.oplaisirduspa.fr\/spa\/"]}]},{"@type":"ImageObject","inLanguage":"en-GB","@id":"https:\/\/www.oplaisirduspa.fr\/spa\/#primaryimage","url":"https:\/\/www.oplaisirduspa.fr\/wp-content\/uploads\/2021\/11\/oplaisirduspa-fond-2.jpg","contentUrl":"https:\/\/www.oplaisirduspa.fr\/wp-content\/uploads\/2021\/11\/oplaisirduspa-fond-2.jpg","width":1920,"height":1280},{"@type":"BreadcrumbList","@id":"https:\/\/www.oplaisirduspa.fr\/spa\/#breadcrumb","itemListElement":[{"@type":"ListItem","position":1,"name":"Accueil","item":"https:\/\/www.oplaisirduspa.fr\/"},{"@type":"ListItem","position":2,"name":"Spa"}]},{"@type":"WebSite","@id":"https:\/\/www.oplaisirduspa.fr\/#website","url":"https:\/\/www.oplaisirduspa.fr\/","name":"O plaisir du spa","description":"Un site utilisant WordPress","publisher":{"@id":"https:\/\/www.oplaisirduspa.fr\/#organization"},"potentialAction":[{"@type":"SearchAction","target":{"@type":"EntryPoint","urlTemplate":"https:\/\/www.oplaisirduspa.fr\/?s={search_term_string}"},"query-input":{"@type":"PropertyValueSpecification","valueRequired":true,"valueName":"search_term_string"}}],"inLanguage":"en-GB"},{"@type":"Organization","@id":"https:\/\/www.oplaisirduspa.fr\/#organization","name":"O plaisir du spa","url":"https:\/\/www.oplaisirduspa.fr\/","logo":{"@type":"ImageObject","inLanguage":"en-GB","@id":"https:\/\/www.oplaisirduspa.fr\/#\/schema\/logo\/image\/","url":"https:\/\/www.oplaisirduspa.fr\/wp-content\/uploads\/2021\/10\/logo.png","contentUrl":"https:\/\/www.oplaisirduspa.fr\/wp-content\/uploads\/2021\/10\/logo.png","width":484,"height":245,"caption":"O plaisir du spa"},"image":{"@id":"https:\/\/www.oplaisirduspa.fr\/#\/schema\/logo\/image\/"}}]}},"_links":{"self":[{"href":"https:\/\/www.oplaisirduspa.fr\/en\/wp-json\/wp\/v2\/pages\/529","targetHints":{"allow":["GET"]}}],"collection":[{"href":"https:\/\/www.oplaisirduspa.fr\/en\/wp-json\/wp\/v2\/pages"}],"about":[{"href":"https:\/\/www.oplaisirduspa.fr\/en\/wp-json\/wp\/v2\/types\/page"}],"author":[{"embeddable":true,"href":"https:\/\/www.oplaisirduspa.fr\/en\/wp-json\/wp\/v2\/users\/292"}],"replies":[{"embeddable":true,"href":"https:\/\/www.oplaisirduspa.fr\/en\/wp-json\/wp\/v2\/comments?post=529"}],"version-history":[{"count":0,"href":"https:\/\/www.oplaisirduspa.fr\/en\/wp-json\/wp\/v2\/pages\/529\/revisions"}],"wp:featuredmedia":[{"embeddable":true,"href":"https:\/\/www.oplaisirduspa.fr\/en\/wp-json\/wp\/v2\/media\/14047"}],"wp:attachment":[{"href":"https:\/\/www.oplaisirduspa.fr\/en\/wp-json\/wp\/v2\/media?parent=529"}],"curies":[{"name":"wp","href":"https:\/\/api.w.org\/{rel}","templated":true}]}}