{"id":7366,"date":"2015-11-18T08:37:53","date_gmt":"2015-11-18T07:37:53","guid":{"rendered":"http:\/\/interior-design.cmsmasters.net\/?page_id=7366"},"modified":"2021-12-07T10:33:40","modified_gmt":"2021-12-07T09:33:40","slug":"accueil","status":"publish","type":"page","link":"https:\/\/www.oplaisirduspa.fr\/en\/","title":{"rendered":"Home"},"content":{"rendered":"<div class=\"wp-block-themepunch-revslider revslider\" data-modal=\"false\" data-slidertitle=\"Homepage Slider\" style=\"\">\n\t\t\t<!-- START Homepage Slider REVOLUTION SLIDER 6.7.38 --><p class=\"rs-p-wp-fix\"><\/p>\n\t\t\t<rs-module-wrap id=\"rev_slider_1_1_wrapper\" data-source=\"gallery\" style=\"visibility:hidden;background:transparent;padding:0;margin:0px auto;margin-top:0;margin-bottom:0;\">\n\t\t\t\t<rs-module id=\"rev_slider_1_1\" style=\"\" data-version=\"6.7.38\">\n\t\t\t\t\t<rs-slides style=\"overflow: hidden; position: absolute;\">\n\t\t\t\t\t\t<rs-slide style=\"position: absolute;\" data-key=\"rs-3\" data-title=\"Slide\" data-thumb=\"\/\/www.oplaisirduspa.fr\/wp-content\/uploads\/2021\/11\/oplaisirduspa-fond-1-100x50.jpg\" data-in=\"o:0;\" data-out=\"a:false;\">\n\t\t\t\t\t\t\t<img decoding=\"async\" src=\"\/\/www.oplaisirduspa.fr\/wp-content\/plugins\/revslider\/sr6\/assets\/assets\/dummy.png\" alt=\"\" title=\"oplaisirduspa-fond-1\" width=\"1920\" height=\"1327\" class=\"rev-slidebg tp-rs-img rs-lazyload\" data-lazyload=\"\/\/www.oplaisirduspa.fr\/wp-content\/uploads\/2021\/11\/oplaisirduspa-fond-1.jpg\" data-no-retina>\n<!--\n\t\t\t\t\t\t\t--><h4\n\t\t\t\t\t\t\t\tid=\"slider-1-slide-3-layer-1\" \n\t\t\t\t\t\t\t\tclass=\"rs-layer\"\n\t\t\t\t\t\t\t\tdata-type=\"text\"\n\t\t\t\t\t\t\t\tdata-rsp_ch=\"on\"\n\t\t\t\t\t\t\t\tdata-xy=\"x:l,l,l,c;xo:87px,87px,87px,0;yo:170px,170px,170px,230px;\"\n\t\t\t\t\t\t\t\tdata-text=\"s:18;l:28;ls:4px;\"\n\t\t\t\t\t\t\t\tdata-frame_0=\"x:-50px;\"\n\t\t\t\t\t\t\t\tdata-frame_1=\"e:power3.out;st:370;sp:2000;sR:370;\"\n\t\t\t\t\t\t\t\tdata-frame_999=\"o:0;st:w;sR:2630;\"\n\t\t\t\t\t\t\t\tstyle=\"z-index:9;font-family:'Open Sans';\"\n\t\t\t\t\t\t\t>THE SHOP \n\t\t\t\t\t\t\t<\/h4><!--\n\n\t\t\t\t\t\t\t--><h2\n\t\t\t\t\t\t\t\tid=\"slider-1-slide-3-layer-2\" \n\t\t\t\t\t\t\t\tclass=\"rs-layer\"\n\t\t\t\t\t\t\t\tdata-type=\"text\"\n\t\t\t\t\t\t\t\tdata-color=\"#2d2a27\"\n\t\t\t\t\t\t\t\tdata-rsp_ch=\"on\"\n\t\t\t\t\t\t\t\tdata-xy=\"x:l,l,l,c;xo:87px,87px,87px,0;yo:240px,240px,240px,279px;\"\n\t\t\t\t\t\t\t\tdata-text=\"w:normal;s:30,30,30,24;l:36,36,36,30;a:left,left,left,center;\"\n\t\t\t\t\t\t\t\tdata-dim=\"w:550px,550px,550px,357px;\"\n\t\t\t\t\t\t\t\tdata-frame_0=\"x:-50px;\"\n\t\t\t\t\t\t\t\tdata-frame_1=\"e:power3.out;st:370;sp:2000;sR:370;\"\n\t\t\t\t\t\t\t\tdata-frame_999=\"o:0;st:w;sR:2630;\"\n\t\t\t\t\t\t\t\tstyle=\"z-index:10;font-family:'Open Sans';\"\n\t\t\t\t\t\t\t>Offer a gift card for a unique moment of care \n\t\t\t\t\t\t\t<\/h2><!--\n\n\t\t\t\t\t\t\t--><rs-layer\n\t\t\t\t\t\t\t\tid=\"slider-1-slide-3-layer-3\" \n\t\t\t\t\t\t\t\tclass=\"rev-btn\"\n\t\t\t\t\t\t\t\tdata-type=\"button\"\n\t\t\t\t\t\t\t\tdata-color=\"rgba(255,255,255,1)\"\n\t\t\t\t\t\t\t\tdata-xy=\"x:l,l,l,c;xo:85px,85px,85px,0;yo:409px,409px,409px,371px;\"\n\t\t\t\t\t\t\t\tdata-text=\"s:11;ls:4px;fw:700;a:inherit;\"\n\t\t\t\t\t\t\t\tdata-rsp_bd=\"off\"\n\t\t\t\t\t\t\t\tdata-padding=\"t:11;r:42;b:11;l:42;\"\n\t\t\t\t\t\t\t\tdata-frame_0=\"x:-50px;\"\n\t\t\t\t\t\t\t\tdata-frame_1=\"e:power3.out;st:370;sp:2000;sR:370;\"\n\t\t\t\t\t\t\t\tdata-frame_999=\"o:0;st:w;sR:2630;\"\n\t\t\t\t\t\t\t\tdata-frame_hover=\"bgc:#b8a48d;boc:#b8a48d;bor:0px,0px,0px,0px;bos:solid;oX:50;oY:50;e:none;\"\n\t\t\t\t\t\t\t\tstyle=\"z-index:11;background-color:#2d2a27;font-family:'Karla';cursor:pointer;outline:none;box-shadow:none;box-sizing:border-box;-moz-box-sizing:border-box;-webkit-box-sizing:border-box;\"\n\t\t\t\t\t\t\t>I offer a gift voucher \n\t\t\t\t\t\t\t<\/rs-layer><!--\n-->\t\t\t\t\t<\/rs-slide>\n\t\t\t\t\t\t<rs-slide style=\"position: absolute;\" data-key=\"rs-1\" data-title=\"Slide\" data-thumb=\"\/\/www.oplaisirduspa.fr\/wp-content\/uploads\/2021\/11\/oplaisirduspa-06-100x50.jpg\" data-in=\"o:0;\" data-out=\"a:false;\">\n\t\t\t\t\t\t\t<img decoding=\"async\" src=\"\/\/www.oplaisirduspa.fr\/wp-content\/plugins\/revslider\/sr6\/assets\/assets\/dummy.png\" alt=\"\" title=\"oplaisirduspa-06\" width=\"1920\" height=\"1280\" class=\"rev-slidebg tp-rs-img rs-lazyload\" data-lazyload=\"\/\/www.oplaisirduspa.fr\/wp-content\/uploads\/2021\/11\/oplaisirduspa-06.jpg\" data-no-retina>\n<!--\n\t\t\t\t\t\t\t--><h4\n\t\t\t\t\t\t\t\tid=\"slider-1-slide-1-layer-1\" \n\t\t\t\t\t\t\t\tclass=\"rs-layer\"\n\t\t\t\t\t\t\t\tdata-type=\"text\"\n\t\t\t\t\t\t\t\tdata-rsp_ch=\"on\"\n\t\t\t\t\t\t\t\tdata-xy=\"xo:87px,87px,87px,30px;yo:170px,170px,170px,230px;\"\n\t\t\t\t\t\t\t\tdata-text=\"s:18;l:28;ls:4px;\"\n\t\t\t\t\t\t\t\tdata-frame_0=\"x:-50px;\"\n\t\t\t\t\t\t\t\tdata-frame_1=\"e:power3.out;st:370;sp:2000;sR:370;\"\n\t\t\t\t\t\t\t\tdata-frame_999=\"o:0;st:w;sR:2630;\"\n\t\t\t\t\t\t\t\tstyle=\"z-index:5;font-family:'Roboto';\"\n\t\t\t\t\t\t\t>Our Institute \n\t\t\t\t\t\t\t<\/h4><!--\n\n\t\t\t\t\t\t\t--><h2\n\t\t\t\t\t\t\t\tid=\"slider-1-slide-1-layer-2\" \n\t\t\t\t\t\t\t\tclass=\"rs-layer\"\n\t\t\t\t\t\t\t\tdata-type=\"text\"\n\t\t\t\t\t\t\t\tdata-color=\"#ffffff||#ffffff||#ffffff||#2d2a27\"\n\t\t\t\t\t\t\t\tdata-rsp_ch=\"on\"\n\t\t\t\t\t\t\t\tdata-xy=\"xo:87px,87px,87px,30px;yo:240px,240px,240px,279px;\"\n\t\t\t\t\t\t\t\tdata-text=\"w:normal;s:30;l:36,36,36,48;fw:300,300,300,400;a:left,left,left,inherit;\"\n\t\t\t\t\t\t\t\tdata-dim=\"w:524px,524px,524px,296px;\"\n\t\t\t\t\t\t\t\tdata-frame_0=\"x:-50px;\"\n\t\t\t\t\t\t\t\tdata-frame_1=\"e:power3.out;st:370;sp:2000;sR:370;\"\n\t\t\t\t\t\t\t\tdata-frame_999=\"o:0;st:w;sR:2630;\"\n\t\t\t\t\t\t\t\tstyle=\"z-index:6;font-family:'Open Sans';\"\n\t\t\t\t\t\t\t>Come and discover our classic treatments for your beauty needs \n\t\t\t\t\t\t\t<\/h2><!--\n\n\t\t\t\t\t\t\t--><rs-layer\n\t\t\t\t\t\t\t\tid=\"slider-1-slide-1-layer-3\" \n\t\t\t\t\t\t\t\tclass=\"rev-btn\"\n\t\t\t\t\t\t\t\tdata-type=\"button\"\n\t\t\t\t\t\t\t\tdata-color=\"rgba(255,255,255,1)\"\n\t\t\t\t\t\t\t\tdata-xy=\"xo:85px,85px,85px,31px;yo:409px,409px,409px,492px;\"\n\t\t\t\t\t\t\t\tdata-text=\"s:11;ls:4px;fw:700;a:inherit;\"\n\t\t\t\t\t\t\t\tdata-rsp_bd=\"off\"\n\t\t\t\t\t\t\t\tdata-padding=\"t:11;r:42;b:11;l:42;\"\n\t\t\t\t\t\t\t\tdata-frame_0=\"x:-50px;\"\n\t\t\t\t\t\t\t\tdata-frame_1=\"e:power3.out;st:370;sp:2000;sR:370;\"\n\t\t\t\t\t\t\t\tdata-frame_999=\"o:0;st:w;sR:2630;\"\n\t\t\t\t\t\t\t\tdata-frame_hover=\"bgc:#b8a48d;boc:#b8a48d;bor:0px,0px,0px,0px;bos:solid;oX:50;oY:50;e:none;\"\n\t\t\t\t\t\t\t\tstyle=\"z-index:7;background-color:#2d2a27;font-family:'Karla';cursor:pointer;outline:none;box-shadow:none;box-sizing:border-box;-moz-box-sizing:border-box;-webkit-box-sizing:border-box;\"\n\t\t\t\t\t\t\t>Find out \n\t\t\t\t\t\t\t<\/rs-layer><!--\n-->\t\t\t\t\t<\/rs-slide>\n\t\t\t\t\t\t<rs-slide style=\"position: absolute;\" data-key=\"rs-2\" data-title=\"Slide\" data-thumb=\"\/\/www.oplaisirduspa.fr\/wp-content\/uploads\/2021\/11\/oplaisirduspa-fond-5-100x50.jpg\" data-anim=\"ms:600;r:0;\" data-in=\"o:0;\" data-out=\"a:false;\">\n\t\t\t\t\t\t\t<img decoding=\"async\" src=\"\/\/www.oplaisirduspa.fr\/wp-content\/plugins\/revslider\/sr6\/assets\/assets\/dummy.png\" alt=\"\" title=\"oplaisirduspa-fond-5\" width=\"1609\" height=\"2218\" class=\"rev-slidebg tp-rs-img rs-lazyload\" data-lazyload=\"\/\/www.oplaisirduspa.fr\/wp-content\/uploads\/2021\/11\/oplaisirduspa-fond-5.jpg\" data-no-retina>\n<!--\n\t\t\t\t\t\t\t--><h4\n\t\t\t\t\t\t\t\tid=\"slider-1-slide-2-layer-1\" \n\t\t\t\t\t\t\t\tclass=\"rs-layer\"\n\t\t\t\t\t\t\t\tdata-type=\"text\"\n\t\t\t\t\t\t\t\tdata-color=\"#000000||#000000||#000000||rgba(255, 255, 255, 0.6)\"\n\t\t\t\t\t\t\t\tdata-rsp_ch=\"on\"\n\t\t\t\t\t\t\t\tdata-xy=\"xo:670px,670px,670px,140px;yo:189px,189px,189px,203px;\"\n\t\t\t\t\t\t\t\tdata-text=\"s:18;l:28;ls:4px;a:inherit;\"\n\t\t\t\t\t\t\t\tdata-frame_0=\"x:-50px;\"\n\t\t\t\t\t\t\t\tdata-frame_1=\"e:power3.out;st:370;sp:2000;sR:370;\"\n\t\t\t\t\t\t\t\tdata-frame_999=\"o:0;st:w;sR:2630;\"\n\t\t\t\t\t\t\t\tstyle=\"z-index:8;font-family:'Open Sans';\"\n\t\t\t\t\t\t\t>UNIVERS SPA \n\t\t\t\t\t\t\t<\/h4><!--\n\n\t\t\t\t\t\t\t--><h2\n\t\t\t\t\t\t\t\tid=\"slider-1-slide-2-layer-2\" \n\t\t\t\t\t\t\t\tclass=\"rs-layer\"\n\t\t\t\t\t\t\t\tdata-type=\"text\"\n\t\t\t\t\t\t\t\tdata-color=\"#000000||#000000||#000000||#ffffff\"\n\t\t\t\t\t\t\t\tdata-rsp_ch=\"on\"\n\t\t\t\t\t\t\t\tdata-xy=\"x:r,r,r,l;xo:0,0,0,139px;yo:242px,242px,242px,238px;\"\n\t\t\t\t\t\t\t\tdata-text=\"w:normal;s:30;l:48;a:inherit;\"\n\t\t\t\t\t\t\t\tdata-dim=\"w:651px,651px,651px,265px;h:98px,98px,98px,auto;\"\n\t\t\t\t\t\t\t\tdata-frame_0=\"x:-50px;\"\n\t\t\t\t\t\t\t\tdata-frame_1=\"e:power3.out;st:370;sp:2000;sR:370;\"\n\t\t\t\t\t\t\t\tdata-frame_999=\"o:0;st:w;sR:2630;\"\n\t\t\t\t\t\t\t\tstyle=\"z-index:9;font-family:'Open Sans';\"\n\t\t\t\t\t\t\t>Profitez d'un moment unique dans un espace r\u00e9serv\u00e9 \u00e0 la d\u00e9tente \n\t\t\t\t\t\t\t<\/h2><!--\n\n\t\t\t\t\t\t\t--><rs-layer\n\t\t\t\t\t\t\t\tid=\"slider-1-slide-2-layer-3\" \n\t\t\t\t\t\t\t\tclass=\"rev-btn\"\n\t\t\t\t\t\t\t\tdata-type=\"button\"\n\t\t\t\t\t\t\t\tdata-color=\"rgba(255,255,255,1)\"\n\t\t\t\t\t\t\t\tdata-xy=\"xo:670px,670px,670px,140px;yo:388px,388px,388px,516px;\"\n\t\t\t\t\t\t\t\tdata-text=\"s:11;ls:4px;fw:700;a:inherit;\"\n\t\t\t\t\t\t\t\tdata-rsp_bd=\"off\"\n\t\t\t\t\t\t\t\tdata-padding=\"t:11;r:42;b:11;l:42;\"\n\t\t\t\t\t\t\t\tdata-frame_0=\"x:-50px;\"\n\t\t\t\t\t\t\t\tdata-frame_1=\"e:power3.out;st:370;sp:2000;sR:370;\"\n\t\t\t\t\t\t\t\tdata-frame_999=\"o:0;st:w;sR:2630;\"\n\t\t\t\t\t\t\t\tdata-frame_hover=\"c:#2d2a27;bgc:#fff;boc:#b8a48d;bor:0px,0px,0px,0px;bos:solid;oX:50;oY:50;e:none;\"\n\t\t\t\t\t\t\t\tstyle=\"z-index:10;background-color:#2d2a27;font-family:'Karla';cursor:pointer;outline:none;box-shadow:none;box-sizing:border-box;-moz-box-sizing:border-box;-webkit-box-sizing:border-box;\"\n\t\t\t\t\t\t\t>Find out \n\t\t\t\t\t\t\t<\/rs-layer><!--\n-->\t\t\t\t\t<\/rs-slide>\n\t\t\t\t\t<\/rs-slides>\n\t\t\t\t<\/rs-module>\n\t\t\t\t<script>\n\t\t\t\t\tsetREVStartSize({c: 'rev_slider_1_1',rl:[1240,1240,1240,480],el:[600,600,600,720],gw:[1320,1320,1320,480],gh:[600,600,600,720],type:'standard',justify:'',layout:'fullwidth',mh:\"0\"});if (window.RS_MODULES!==undefined && window.RS_MODULES.modules!==undefined && window.RS_MODULES.modules[\"revslider11\"]!==undefined) {window.RS_MODULES.modules[\"revslider11\"].once = false;window.revapi1 = undefined;if (window.RS_MODULES.checkMinimal!==undefined) window.RS_MODULES.checkMinimal()}\n\t\t\t\t<\/script>\n\t\t\t<\/rs-module-wrap>\n\t\t\t<!-- END REVOLUTION SLIDER -->\n<\/div>","protected":false},"excerpt":{"rendered":"","protected":false},"author":292,"featured_media":0,"parent":0,"menu_order":0,"comment_status":"closed","ping_status":"closed","template":"template-homepage.php","meta":{"footnotes":""},"class_list":["post-7366","page","type-page","status-publish","hentry"],"yoast_head":"<!-- This site is optimized with the Yoast SEO plugin v25.6 - https:\/\/yoast.com\/wordpress\/plugins\/seo\/ -->\n<title>Accueil - O Plaisir du Spa - Institut de Beaut\u00e9 et Spa \u00e0 Colmar (Haut-Rhin)<\/title>\n<meta name=\"description\" content=\"Situ\u00e9 au c\u0153ur de Colmar, l&#039;institut de beaut\u00e9 O Plaisir du Spa vous propose des moments de soins dans un espace r\u00e9serv\u00e9 \u00e0 la d\u00e9tente. Sept esth\u00e9ticiennes dynamiques et professionnelles sont \u00e0 votre service du lundi au samedi.\" \/>\n<meta name=\"robots\" content=\"index, follow, max-snippet:-1, max-image-preview:large, max-video-preview:-1\" \/>\n<link rel=\"canonical\" href=\"https:\/\/www.oplaisirduspa.fr\/en\/\" \/>\n<meta property=\"og:locale\" content=\"en_GB\" \/>\n<meta property=\"og:type\" content=\"article\" \/>\n<meta property=\"og:title\" content=\"Accueil - O Plaisir du Spa - Institut de Beaut\u00e9 et Spa \u00e0 Colmar (Haut-Rhin)\" \/>\n<meta property=\"og:description\" content=\"Situ\u00e9 au c\u0153ur de Colmar, l&#039;institut de beaut\u00e9 O Plaisir du Spa vous propose des moments de soins dans un espace r\u00e9serv\u00e9 \u00e0 la d\u00e9tente. Sept esth\u00e9ticiennes dynamiques et professionnelles sont \u00e0 votre service du lundi au samedi.\" \/>\n<meta property=\"og:url\" content=\"https:\/\/www.oplaisirduspa.fr\/en\/\" \/>\n<meta property=\"og:site_name\" content=\"O plaisir du spa\" \/>\n<meta property=\"article:modified_time\" content=\"2021-12-07T09:33:40+00:00\" \/>\n<meta name=\"twitter:card\" content=\"summary_large_image\" \/>\n<meta name=\"twitter:label1\" content=\"Estimated reading time\" \/>\n\t<meta name=\"twitter:data1\" content=\"1 minute\" \/>\n<script type=\"application\/ld+json\" class=\"yoast-schema-graph\">{\"@context\":\"https:\/\/schema.org\",\"@graph\":[{\"@type\":\"WebPage\",\"@id\":\"https:\/\/www.oplaisirduspa.fr\/\",\"url\":\"https:\/\/www.oplaisirduspa.fr\/\",\"name\":\"Accueil - O Plaisir du Spa - Institut de Beaut\u00e9 et Spa \u00e0 Colmar (Haut-Rhin)\",\"isPartOf\":{\"@id\":\"https:\/\/www.oplaisirduspa.fr\/#website\"},\"datePublished\":\"2015-11-18T07:37:53+00:00\",\"dateModified\":\"2021-12-07T09:33:40+00:00\",\"description\":\"Situ\u00e9 au c\u0153ur de Colmar, l'institut de beaut\u00e9 O Plaisir du Spa vous propose des moments de soins dans un espace r\u00e9serv\u00e9 \u00e0 la d\u00e9tente. Sept esth\u00e9ticiennes dynamiques et professionnelles sont \u00e0 votre service du lundi au samedi.\",\"breadcrumb\":{\"@id\":\"https:\/\/www.oplaisirduspa.fr\/#breadcrumb\"},\"inLanguage\":\"en-GB\",\"potentialAction\":[{\"@type\":\"ReadAction\",\"target\":[\"https:\/\/www.oplaisirduspa.fr\/\"]}]},{\"@type\":\"BreadcrumbList\",\"@id\":\"https:\/\/www.oplaisirduspa.fr\/#breadcrumb\",\"itemListElement\":[{\"@type\":\"ListItem\",\"position\":1,\"name\":\"Accueil\",\"item\":\"https:\/\/www.oplaisirduspa.fr\/\"},{\"@type\":\"ListItem\",\"position\":2,\"name\":\"Accueil\"}]},{\"@type\":\"WebSite\",\"@id\":\"https:\/\/www.oplaisirduspa.fr\/#website\",\"url\":\"https:\/\/www.oplaisirduspa.fr\/\",\"name\":\"O plaisir du spa\",\"description\":\"Un site utilisant WordPress\",\"publisher\":{\"@id\":\"https:\/\/www.oplaisirduspa.fr\/#organization\"},\"potentialAction\":[{\"@type\":\"SearchAction\",\"target\":{\"@type\":\"EntryPoint\",\"urlTemplate\":\"https:\/\/www.oplaisirduspa.fr\/?s={search_term_string}\"},\"query-input\":{\"@type\":\"PropertyValueSpecification\",\"valueRequired\":true,\"valueName\":\"search_term_string\"}}],\"inLanguage\":\"en-GB\"},{\"@type\":\"Organization\",\"@id\":\"https:\/\/www.oplaisirduspa.fr\/#organization\",\"name\":\"O plaisir du spa\",\"url\":\"https:\/\/www.oplaisirduspa.fr\/\",\"logo\":{\"@type\":\"ImageObject\",\"inLanguage\":\"en-GB\",\"@id\":\"https:\/\/www.oplaisirduspa.fr\/#\/schema\/logo\/image\/\",\"url\":\"https:\/\/www.oplaisirduspa.fr\/wp-content\/uploads\/2021\/10\/logo.png\",\"contentUrl\":\"https:\/\/www.oplaisirduspa.fr\/wp-content\/uploads\/2021\/10\/logo.png\",\"width\":484,\"height\":245,\"caption\":\"O plaisir du spa\"},\"image\":{\"@id\":\"https:\/\/www.oplaisirduspa.fr\/#\/schema\/logo\/image\/\"}}]}<\/script>\n<!-- \/ Yoast SEO plugin. -->","yoast_head_json":{"title":"Home - O Plaisir du Spa - Beauty and Spa Institute in Colmar (Haut-Rhin)","description":"Situ\u00e9 au c\u0153ur de Colmar, l'institut de beaut\u00e9 O Plaisir du Spa vous propose des moments de soins dans un espace r\u00e9serv\u00e9 \u00e0 la d\u00e9tente. Sept esth\u00e9ticiennes dynamiques et professionnelles sont \u00e0 votre service du lundi au samedi.","robots":{"index":"index","follow":"follow","max-snippet":"max-snippet:-1","max-image-preview":"max-image-preview:large","max-video-preview":"max-video-preview:-1"},"canonical":"https:\/\/www.oplaisirduspa.fr\/en\/","og_locale":"en_GB","og_type":"article","og_title":"Accueil - O Plaisir du Spa - Institut de Beaut\u00e9 et Spa \u00e0 Colmar (Haut-Rhin)","og_description":"Situ\u00e9 au c\u0153ur de Colmar, l'institut de beaut\u00e9 O Plaisir du Spa vous propose des moments de soins dans un espace r\u00e9serv\u00e9 \u00e0 la d\u00e9tente. Sept esth\u00e9ticiennes dynamiques et professionnelles sont \u00e0 votre service du lundi au samedi.","og_url":"https:\/\/www.oplaisirduspa.fr\/en\/","og_site_name":"O plaisir du spa","article_modified_time":"2021-12-07T09:33:40+00:00","twitter_card":"summary_large_image","twitter_misc":{"Estimated reading time":"1 minute"},"schema":{"@context":"https:\/\/schema.org","@graph":[{"@type":"WebPage","@id":"https:\/\/www.oplaisirduspa.fr\/","url":"https:\/\/www.oplaisirduspa.fr\/","name":"Home - O Plaisir du Spa - Beauty and Spa Institute in Colmar (Haut-Rhin)","isPartOf":{"@id":"https:\/\/www.oplaisirduspa.fr\/#website"},"datePublished":"2015-11-18T07:37:53+00:00","dateModified":"2021-12-07T09:33:40+00:00","description":"Situ\u00e9 au c\u0153ur de Colmar, l'institut de beaut\u00e9 O Plaisir du Spa vous propose des moments de soins dans un espace r\u00e9serv\u00e9 \u00e0 la d\u00e9tente. Sept esth\u00e9ticiennes dynamiques et professionnelles sont \u00e0 votre service du lundi au samedi.","breadcrumb":{"@id":"https:\/\/www.oplaisirduspa.fr\/#breadcrumb"},"inLanguage":"en-GB","potentialAction":[{"@type":"ReadAction","target":["https:\/\/www.oplaisirduspa.fr\/"]}]},{"@type":"BreadcrumbList","@id":"https:\/\/www.oplaisirduspa.fr\/#breadcrumb","itemListElement":[{"@type":"ListItem","position":1,"name":"Accueil","item":"https:\/\/www.oplaisirduspa.fr\/"},{"@type":"ListItem","position":2,"name":"Accueil"}]},{"@type":"WebSite","@id":"https:\/\/www.oplaisirduspa.fr\/#website","url":"https:\/\/www.oplaisirduspa.fr\/","name":"O plaisir du spa","description":"Un site utilisant WordPress","publisher":{"@id":"https:\/\/www.oplaisirduspa.fr\/#organization"},"potentialAction":[{"@type":"SearchAction","target":{"@type":"EntryPoint","urlTemplate":"https:\/\/www.oplaisirduspa.fr\/?s={search_term_string}"},"query-input":{"@type":"PropertyValueSpecification","valueRequired":true,"valueName":"search_term_string"}}],"inLanguage":"en-GB"},{"@type":"Organization","@id":"https:\/\/www.oplaisirduspa.fr\/#organization","name":"O plaisir du spa","url":"https:\/\/www.oplaisirduspa.fr\/","logo":{"@type":"ImageObject","inLanguage":"en-GB","@id":"https:\/\/www.oplaisirduspa.fr\/#\/schema\/logo\/image\/","url":"https:\/\/www.oplaisirduspa.fr\/wp-content\/uploads\/2021\/10\/logo.png","contentUrl":"https:\/\/www.oplaisirduspa.fr\/wp-content\/uploads\/2021\/10\/logo.png","width":484,"height":245,"caption":"O plaisir du spa"},"image":{"@id":"https:\/\/www.oplaisirduspa.fr\/#\/schema\/logo\/image\/"}}]}},"_links":{"self":[{"href":"https:\/\/www.oplaisirduspa.fr\/en\/wp-json\/wp\/v2\/pages\/7366","targetHints":{"allow":["GET"]}}],"collection":[{"href":"https:\/\/www.oplaisirduspa.fr\/en\/wp-json\/wp\/v2\/pages"}],"about":[{"href":"https:\/\/www.oplaisirduspa.fr\/en\/wp-json\/wp\/v2\/types\/page"}],"author":[{"embeddable":true,"href":"https:\/\/www.oplaisirduspa.fr\/en\/wp-json\/wp\/v2\/users\/292"}],"replies":[{"embeddable":true,"href":"https:\/\/www.oplaisirduspa.fr\/en\/wp-json\/wp\/v2\/comments?post=7366"}],"version-history":[{"count":0,"href":"https:\/\/www.oplaisirduspa.fr\/en\/wp-json\/wp\/v2\/pages\/7366\/revisions"}],"wp:attachment":[{"href":"https:\/\/www.oplaisirduspa.fr\/en\/wp-json\/wp\/v2\/media?parent=7366"}],"curies":[{"name":"wp","href":"https:\/\/api.w.org\/{rel}","templated":true}]}}