{"id":15775,"date":"2024-09-12T10:54:49","date_gmt":"2024-09-12T08:54:49","guid":{"rendered":"https:\/\/www.oplaisirduspa.fr\/?post_type=product&#038;p=15775"},"modified":"2026-02-03T10:04:35","modified_gmt":"2026-02-03T09:04:35","slug":"bulle-de-reconfort-pour-votre-dos-1h","status":"publish","type":"product","link":"https:\/\/www.oplaisirduspa.fr\/en\/boutique\/bulle-de-reconfort-pour-votre-dos-1h\/","title":{"rendered":"Bulle de r\u00e9confort pour votre dos (1h)"},"content":{"rendered":"<p>Ne s&rsquo;effectue pas dans la douche \u00e0 affusion. Mousse nettoyante, gommage et soin du dos, suivi de 30 minutes de modelage \u00e0 l&rsquo;huile chaude du dos, nuque et cuir chevelu.<\/p>","protected":false},"excerpt":{"rendered":"<p>Ne s&rsquo;effectue pas dans la douche \u00e0 affusion. Mousse nettoyante, gommage et soin du dos, suivi de 30 minutes de modelage \u00e0 l&rsquo;huile chaude du dos, nuque et cuir chevelu.<\/p>","protected":false},"featured_media":0,"template":"","meta":[],"product_brand":[],"product_cat":[81],"product_tag":[],"class_list":{"0":"post-15775","1":"product","2":"type-product","3":"status-publish","5":"product_cat-les-gommages","7":"first","8":"instock","9":"virtual","10":"taxable","11":"purchasable","12":"product-type-simple"},"yoast_head":"<!-- This site is optimized with the Yoast SEO plugin v25.6 - https:\/\/yoast.com\/wordpress\/plugins\/seo\/ -->\n<title>Bulle de r\u00e9confort pour votre dos (1h) - O plaisir du spa<\/title>\n<meta name=\"robots\" content=\"index, follow, max-snippet:-1, max-image-preview:large, max-video-preview:-1\" \/>\n<link rel=\"canonical\" href=\"https:\/\/www.oplaisirduspa.fr\/en\/boutique\/bulle-de-reconfort-pour-votre-dos-1h\/\" \/>\n<meta property=\"og:locale\" content=\"en_GB\" \/>\n<meta property=\"og:type\" content=\"article\" \/>\n<meta property=\"og:title\" content=\"Bulle de r\u00e9confort pour votre dos (1h) - O plaisir du spa\" \/>\n<meta property=\"og:description\" content=\"Ne s&#039;effectue pas dans la douche \u00e0 affusion. Mousse nettoyante, gommage et soin du dos, suivi de 30 minutes de modelage \u00e0 l&#039;huile chaude du dos, nuque et cuir chevelu.\" \/>\n<meta property=\"og:url\" content=\"https:\/\/www.oplaisirduspa.fr\/en\/boutique\/bulle-de-reconfort-pour-votre-dos-1h\/\" \/>\n<meta property=\"og:site_name\" content=\"O plaisir du spa\" \/>\n<meta property=\"article:modified_time\" content=\"2026-02-03T09:04:35+00:00\" \/>\n<meta name=\"twitter:card\" content=\"summary_large_image\" \/>\n<meta name=\"twitter:label1\" content=\"Estimated reading time\" \/>\n\t<meta name=\"twitter:data1\" content=\"1 minute\" \/>\n<script type=\"application\/ld+json\" class=\"yoast-schema-graph\">{\"@context\":\"https:\/\/schema.org\",\"@graph\":[{\"@type\":\"WebPage\",\"@id\":\"https:\/\/www.oplaisirduspa.fr\/boutique\/bulle-de-reconfort-pour-votre-dos-1h\/\",\"url\":\"https:\/\/www.oplaisirduspa.fr\/boutique\/bulle-de-reconfort-pour-votre-dos-1h\/\",\"name\":\"Bulle de r\u00e9confort pour votre dos (1h) - O plaisir du spa\",\"isPartOf\":{\"@id\":\"https:\/\/www.oplaisirduspa.fr\/#website\"},\"datePublished\":\"2024-09-12T08:54:49+00:00\",\"dateModified\":\"2026-02-03T09:04:35+00:00\",\"breadcrumb\":{\"@id\":\"https:\/\/www.oplaisirduspa.fr\/boutique\/bulle-de-reconfort-pour-votre-dos-1h\/#breadcrumb\"},\"inLanguage\":\"en-GB\",\"potentialAction\":[{\"@type\":\"ReadAction\",\"target\":[\"https:\/\/www.oplaisirduspa.fr\/boutique\/bulle-de-reconfort-pour-votre-dos-1h\/\"]}]},{\"@type\":\"BreadcrumbList\",\"@id\":\"https:\/\/www.oplaisirduspa.fr\/boutique\/bulle-de-reconfort-pour-votre-dos-1h\/#breadcrumb\",\"itemListElement\":[{\"@type\":\"ListItem\",\"position\":1,\"name\":\"Accueil\",\"item\":\"https:\/\/www.oplaisirduspa.fr\/\"},{\"@type\":\"ListItem\",\"position\":2,\"name\":\"Boutique\",\"item\":\"https:\/\/www.oplaisirduspa.fr\/boutique\/\"},{\"@type\":\"ListItem\",\"position\":3,\"name\":\"Bulle de r\u00e9confort pour votre dos (1h)\"}]},{\"@type\":\"WebSite\",\"@id\":\"https:\/\/www.oplaisirduspa.fr\/#website\",\"url\":\"https:\/\/www.oplaisirduspa.fr\/\",\"name\":\"O plaisir du spa\",\"description\":\"Un site utilisant WordPress\",\"publisher\":{\"@id\":\"https:\/\/www.oplaisirduspa.fr\/#organization\"},\"potentialAction\":[{\"@type\":\"SearchAction\",\"target\":{\"@type\":\"EntryPoint\",\"urlTemplate\":\"https:\/\/www.oplaisirduspa.fr\/?s={search_term_string}\"},\"query-input\":{\"@type\":\"PropertyValueSpecification\",\"valueRequired\":true,\"valueName\":\"search_term_string\"}}],\"inLanguage\":\"en-GB\"},{\"@type\":\"Organization\",\"@id\":\"https:\/\/www.oplaisirduspa.fr\/#organization\",\"name\":\"O plaisir du spa\",\"url\":\"https:\/\/www.oplaisirduspa.fr\/\",\"logo\":{\"@type\":\"ImageObject\",\"inLanguage\":\"en-GB\",\"@id\":\"https:\/\/www.oplaisirduspa.fr\/#\/schema\/logo\/image\/\",\"url\":\"https:\/\/www.oplaisirduspa.fr\/wp-content\/uploads\/2021\/10\/logo.png\",\"contentUrl\":\"https:\/\/www.oplaisirduspa.fr\/wp-content\/uploads\/2021\/10\/logo.png\",\"width\":484,\"height\":245,\"caption\":\"O plaisir du spa\"},\"image\":{\"@id\":\"https:\/\/www.oplaisirduspa.fr\/#\/schema\/logo\/image\/\"}}]}<\/script>\n<!-- \/ Yoast SEO plugin. -->","yoast_head_json":{"title":"Bulle de r\u00e9confort pour votre dos (1h) - O plaisir du spa","robots":{"index":"index","follow":"follow","max-snippet":"max-snippet:-1","max-image-preview":"max-image-preview:large","max-video-preview":"max-video-preview:-1"},"canonical":"https:\/\/www.oplaisirduspa.fr\/en\/boutique\/bulle-de-reconfort-pour-votre-dos-1h\/","og_locale":"en_GB","og_type":"article","og_title":"Bulle de r\u00e9confort pour votre dos (1h) - O plaisir du spa","og_description":"Ne s'effectue pas dans la douche \u00e0 affusion. Mousse nettoyante, gommage et soin du dos, suivi de 30 minutes de modelage \u00e0 l'huile chaude du dos, nuque et cuir chevelu.","og_url":"https:\/\/www.oplaisirduspa.fr\/en\/boutique\/bulle-de-reconfort-pour-votre-dos-1h\/","og_site_name":"O plaisir du spa","article_modified_time":"2026-02-03T09:04:35+00:00","twitter_card":"summary_large_image","twitter_misc":{"Estimated reading time":"1 minute"},"schema":{"@context":"https:\/\/schema.org","@graph":[{"@type":"WebPage","@id":"https:\/\/www.oplaisirduspa.fr\/boutique\/bulle-de-reconfort-pour-votre-dos-1h\/","url":"https:\/\/www.oplaisirduspa.fr\/boutique\/bulle-de-reconfort-pour-votre-dos-1h\/","name":"Bulle de r\u00e9confort pour votre dos (1h) - O plaisir du spa","isPartOf":{"@id":"https:\/\/www.oplaisirduspa.fr\/#website"},"datePublished":"2024-09-12T08:54:49+00:00","dateModified":"2026-02-03T09:04:35+00:00","breadcrumb":{"@id":"https:\/\/www.oplaisirduspa.fr\/boutique\/bulle-de-reconfort-pour-votre-dos-1h\/#breadcrumb"},"inLanguage":"en-GB","potentialAction":[{"@type":"ReadAction","target":["https:\/\/www.oplaisirduspa.fr\/boutique\/bulle-de-reconfort-pour-votre-dos-1h\/"]}]},{"@type":"BreadcrumbList","@id":"https:\/\/www.oplaisirduspa.fr\/boutique\/bulle-de-reconfort-pour-votre-dos-1h\/#breadcrumb","itemListElement":[{"@type":"ListItem","position":1,"name":"Accueil","item":"https:\/\/www.oplaisirduspa.fr\/"},{"@type":"ListItem","position":2,"name":"Boutique","item":"https:\/\/www.oplaisirduspa.fr\/boutique\/"},{"@type":"ListItem","position":3,"name":"Bulle de r\u00e9confort pour votre dos (1h)"}]},{"@type":"WebSite","@id":"https:\/\/www.oplaisirduspa.fr\/#website","url":"https:\/\/www.oplaisirduspa.fr\/","name":"O plaisir du spa","description":"Un site utilisant WordPress","publisher":{"@id":"https:\/\/www.oplaisirduspa.fr\/#organization"},"potentialAction":[{"@type":"SearchAction","target":{"@type":"EntryPoint","urlTemplate":"https:\/\/www.oplaisirduspa.fr\/?s={search_term_string}"},"query-input":{"@type":"PropertyValueSpecification","valueRequired":true,"valueName":"search_term_string"}}],"inLanguage":"en-GB"},{"@type":"Organization","@id":"https:\/\/www.oplaisirduspa.fr\/#organization","name":"O plaisir du spa","url":"https:\/\/www.oplaisirduspa.fr\/","logo":{"@type":"ImageObject","inLanguage":"en-GB","@id":"https:\/\/www.oplaisirduspa.fr\/#\/schema\/logo\/image\/","url":"https:\/\/www.oplaisirduspa.fr\/wp-content\/uploads\/2021\/10\/logo.png","contentUrl":"https:\/\/www.oplaisirduspa.fr\/wp-content\/uploads\/2021\/10\/logo.png","width":484,"height":245,"caption":"O plaisir du spa"},"image":{"@id":"https:\/\/www.oplaisirduspa.fr\/#\/schema\/logo\/image\/"}}]}},"_links":{"self":[{"href":"https:\/\/www.oplaisirduspa.fr\/en\/wp-json\/wp\/v2\/product\/15775","targetHints":{"allow":["GET"]}}],"collection":[{"href":"https:\/\/www.oplaisirduspa.fr\/en\/wp-json\/wp\/v2\/product"}],"about":[{"href":"https:\/\/www.oplaisirduspa.fr\/en\/wp-json\/wp\/v2\/types\/product"}],"wp:attachment":[{"href":"https:\/\/www.oplaisirduspa.fr\/en\/wp-json\/wp\/v2\/media?parent=15775"}],"wp:term":[{"taxonomy":"product_brand","embeddable":true,"href":"https:\/\/www.oplaisirduspa.fr\/en\/wp-json\/wp\/v2\/product_brand?post=15775"},{"taxonomy":"product_cat","embeddable":true,"href":"https:\/\/www.oplaisirduspa.fr\/en\/wp-json\/wp\/v2\/product_cat?post=15775"},{"taxonomy":"product_tag","embeddable":true,"href":"https:\/\/www.oplaisirduspa.fr\/en\/wp-json\/wp\/v2\/product_tag?post=15775"}],"curies":[{"name":"wp","href":"https:\/\/api.w.org\/{rel}","templated":true}]}}